{"id":855,"date":"2018-08-29T20:35:30","date_gmt":"2018-08-29T23:35:30","guid":{"rendered":"https:\/\/eagm-bue.infd.edu.ar\/sitio\/plan-de-estudios-4\/"},"modified":"2023-11-15T08:25:32","modified_gmt":"2023-11-15T11:25:32","slug":"plan-de-estudios-4","status":"publish","type":"page","link":"https:\/\/eagm-bue.infd.edu.ar\/sitio\/plan-de-estudios-4\/","title":{"rendered":"Plan de Estudios"},"content":{"rendered":"<p><span style=\"font-family: tahoma,arial,helvetica,sans-serif;\"><img decoding=\"async\" loading=\"lazy\" class=\"alignnone size-full wp-image-773\" src=\"https:\/\/eagm-bue.infd.edu.ar\/sitio\/wp-content\/uploads\/2018\/08\/leer.jpg\" alt=\"\" width=\"95\" height=\"34\" \/><\/span><\/p>\n<p><span style=\"font-family: tahoma,arial,helvetica,sans-serif;\">Click aqu\u00ed para descargar la versi\u00f3n digital<\/span><br \/>\n<span style=\"font-family: tahoma,arial,helvetica,sans-serif;\"> del Plan de Estudios 2012 de Danzas Folkl\u00f3riacas<br \/>\n<\/span><\/p>\n","protected":false},"excerpt":{"rendered":"<p>Click aqu\u00ed para descargar la versi\u00f3n digital del Plan de Estudios 2012 de Danzas Folkl\u00f3riacas<\/p>\n","protected":false},"author":88,"featured_media":0,"parent":0,"menu_order":0,"comment_status":"closed","ping_status":"closed","template":"","meta":[],"acf":[],"_links":{"self":[{"href":"https:\/\/eagm-bue.infd.edu.ar\/sitio\/wp-json\/wp\/v2\/pages\/855"}],"collection":[{"href":"https:\/\/eagm-bue.infd.edu.ar\/sitio\/wp-json\/wp\/v2\/pages"}],"about":[{"href":"https:\/\/eagm-bue.infd.edu.ar\/sitio\/wp-json\/wp\/v2\/types\/page"}],"author":[{"embeddable":true,"href":"https:\/\/eagm-bue.infd.edu.ar\/sitio\/wp-json\/wp\/v2\/users\/88"}],"replies":[{"embeddable":true,"href":"https:\/\/eagm-bue.infd.edu.ar\/sitio\/wp-json\/wp\/v2\/comments?post=855"}],"version-history":[{"count":1,"href":"https:\/\/eagm-bue.infd.edu.ar\/sitio\/wp-json\/wp\/v2\/pages\/855\/revisions"}],"predecessor-version":[{"id":1328,"href":"https:\/\/eagm-bue.infd.edu.ar\/sitio\/wp-json\/wp\/v2\/pages\/855\/revisions\/1328"}],"wp:attachment":[{"href":"https:\/\/eagm-bue.infd.edu.ar\/sitio\/wp-json\/wp\/v2\/media?parent=855"}],"curies":[{"name":"wp","href":"https:\/\/api.w.org\/{rel}","templated":true}]}}