{"id":853,"date":"2018-08-29T20:35:30","date_gmt":"2018-08-29T23:35:30","guid":{"rendered":"https:\/\/eagm-bue.infd.edu.ar\/sitio\/plan-de-estudios-3\/"},"modified":"2023-11-15T08:24:14","modified_gmt":"2023-11-15T11:24:14","slug":"plan-de-estudios-3","status":"publish","type":"page","link":"https:\/\/eagm-bue.infd.edu.ar\/sitio\/plan-de-estudios-3\/","title":{"rendered":"Plan de estudios"},"content":{"rendered":"<p><a title=\"Estructura Curricular TEATRO 2012\" href=\"upload\/Estructura_Curricular_TEARO.pdf\" target=\"_blank\" rel=\"noopener\"><span class=\"LinkModi\"><img decoding=\"async\" loading=\"lazy\" class=\"alignnone size-full wp-image-773\" src=\"https:\/\/eagm-bue.infd.edu.ar\/sitio\/wp-content\/uploads\/2018\/08\/leer.jpg\" alt=\"\" width=\"95\" height=\"34\" \/><\/span><\/a><\/p>\n<p><span style=\"font-family: tahoma,arial,helvetica,sans-serif;\">Click aqu\u00ed para descargar la versi\u00f3n digital<\/span><br \/>\n<span style=\"font-family: tahoma,arial,helvetica,sans-serif;\"> del Plan de Estudios 2012 de Danzas Folkl\u00f3riacas<\/span><\/p>\n","protected":false},"excerpt":{"rendered":"<p>Click aqu\u00ed para descargar la versi\u00f3n digital del Plan de Estudios 2012 de Danzas Folkl\u00f3riacas<\/p>\n","protected":false},"author":88,"featured_media":0,"parent":0,"menu_order":0,"comment_status":"closed","ping_status":"closed","template":"","meta":[],"acf":[],"_links":{"self":[{"href":"https:\/\/eagm-bue.infd.edu.ar\/sitio\/wp-json\/wp\/v2\/pages\/853"}],"collection":[{"href":"https:\/\/eagm-bue.infd.edu.ar\/sitio\/wp-json\/wp\/v2\/pages"}],"about":[{"href":"https:\/\/eagm-bue.infd.edu.ar\/sitio\/wp-json\/wp\/v2\/types\/page"}],"author":[{"embeddable":true,"href":"https:\/\/eagm-bue.infd.edu.ar\/sitio\/wp-json\/wp\/v2\/users\/88"}],"replies":[{"embeddable":true,"href":"https:\/\/eagm-bue.infd.edu.ar\/sitio\/wp-json\/wp\/v2\/comments?post=853"}],"version-history":[{"count":2,"href":"https:\/\/eagm-bue.infd.edu.ar\/sitio\/wp-json\/wp\/v2\/pages\/853\/revisions"}],"predecessor-version":[{"id":1326,"href":"https:\/\/eagm-bue.infd.edu.ar\/sitio\/wp-json\/wp\/v2\/pages\/853\/revisions\/1326"}],"wp:attachment":[{"href":"https:\/\/eagm-bue.infd.edu.ar\/sitio\/wp-json\/wp\/v2\/media?parent=853"}],"curies":[{"name":"wp","href":"https:\/\/api.w.org\/{rel}","templated":true}]}}