{"id":846,"date":"2018-08-29T20:35:27","date_gmt":"2018-08-29T23:35:27","guid":{"rendered":"https:\/\/eagm-bue.infd.edu.ar\/sitio\/plan-de-estudios-2\/"},"modified":"2023-11-15T08:22:51","modified_gmt":"2023-11-15T11:22:51","slug":"plan-de-estudios-2","status":"publish","type":"page","link":"https:\/\/eagm-bue.infd.edu.ar\/sitio\/plan-de-estudios-2\/","title":{"rendered":"Plan de Estudios"},"content":{"rendered":"<p><a title=\"Plan de Estudios M\u00daSICA\" href=\"upload\/Plan_de_Estudios_MUSICA.pdf\" target=\"_blank\" rel=\"noopener\"><span class=\"LinkModi\"><img decoding=\"async\" loading=\"lazy\" class=\"alignnone size-full wp-image-773\" src=\"https:\/\/eagm-bue.infd.edu.ar\/sitio\/wp-content\/uploads\/2018\/08\/leer.jpg\" alt=\"\" width=\"95\" height=\"34\" \/><\/span><\/a><\/p>\n<p><span style=\"font-family: tahoma,arial,helvetica,sans-serif;\">Click aqu\u00ed para descargar la versi\u00f3n digital<\/span><br \/>\n<span style=\"font-family: tahoma,arial,helvetica,sans-serif;\"> del Plan de Estudios 2012 de M\u00fasica<\/span><\/p>\n","protected":false},"excerpt":{"rendered":"<p>Click aqu\u00ed para descargar la versi\u00f3n digital del Plan de Estudios 2012 de M\u00fasica<\/p>\n","protected":false},"author":88,"featured_media":0,"parent":0,"menu_order":0,"comment_status":"closed","ping_status":"closed","template":"","meta":[],"acf":[],"_links":{"self":[{"href":"https:\/\/eagm-bue.infd.edu.ar\/sitio\/wp-json\/wp\/v2\/pages\/846"}],"collection":[{"href":"https:\/\/eagm-bue.infd.edu.ar\/sitio\/wp-json\/wp\/v2\/pages"}],"about":[{"href":"https:\/\/eagm-bue.infd.edu.ar\/sitio\/wp-json\/wp\/v2\/types\/page"}],"author":[{"embeddable":true,"href":"https:\/\/eagm-bue.infd.edu.ar\/sitio\/wp-json\/wp\/v2\/users\/88"}],"replies":[{"embeddable":true,"href":"https:\/\/eagm-bue.infd.edu.ar\/sitio\/wp-json\/wp\/v2\/comments?post=846"}],"version-history":[{"count":1,"href":"https:\/\/eagm-bue.infd.edu.ar\/sitio\/wp-json\/wp\/v2\/pages\/846\/revisions"}],"predecessor-version":[{"id":1324,"href":"https:\/\/eagm-bue.infd.edu.ar\/sitio\/wp-json\/wp\/v2\/pages\/846\/revisions\/1324"}],"wp:attachment":[{"href":"https:\/\/eagm-bue.infd.edu.ar\/sitio\/wp-json\/wp\/v2\/media?parent=846"}],"curies":[{"name":"wp","href":"https:\/\/api.w.org\/{rel}","templated":true}]}}