{"id":836,"date":"2018-08-29T20:35:24","date_gmt":"2018-08-29T23:35:24","guid":{"rendered":"https:\/\/eagm-bue.infd.edu.ar\/sitio\/docentes\/"},"modified":"2025-10-27T12:38:08","modified_gmt":"2025-10-27T15:38:08","slug":"docentes","status":"publish","type":"page","link":"https:\/\/eagm-bue.infd.edu.ar\/sitio\/docentes\/","title":{"rendered":"Docentes"},"content":{"rendered":"\n<p class=\"has-text-align-center\">Almada, Alina<\/p>\n\n\n\n<p class=\"has-text-align-center\">Ar\u00e9valo, Mariano<\/p>\n\n\n\n<p class=\"has-text-align-center\">Ariceta, Natalia<\/p>\n\n\n\n<p class=\"has-text-align-center\">\u00c1vila, Betina<\/p>\n\n\n\n<p class=\"has-text-align-center\">Baigorria, Fernando<\/p>\n\n\n\n<p class=\"has-text-align-center\">Barac, Nadia<\/p>\n\n\n\n<p class=\"has-text-align-center\">Barcos, Amelia<\/p>\n\n\n\n<p class=\"has-text-align-center\">Baulo, Anal\u00eda<\/p>\n\n\n\n<p class=\"has-text-align-center\">Berrier, Alejandra<\/p>\n\n\n\n<p class=\"has-text-align-center\">Bustelo, Lorena<\/p>\n\n\n\n<p class=\"has-text-align-center\">Caire Paulino, Javier<\/p>\n\n\n\n<p class=\"has-text-align-center\">Cardoso, Patricia<\/p>\n\n\n\n<p class=\"has-text-align-center\">Casta\u00f1ares, Andrea<\/p>\n\n\n\n<p class=\"has-text-align-center\">Catena, Helvia<\/p>\n\n\n\n<p class=\"has-text-align-center\">Chirino, Gabriela<\/p>\n\n\n\n<p class=\"has-text-align-center\">Chiussi, Antonella<\/p>\n\n\n\n<p class=\"has-text-align-center\">Conde, Cecilia<\/p>\n\n\n\n<p class=\"has-text-align-center\">Contreras, Roc\u00edo<\/p>\n\n\n\n<p class=\"has-text-align-center\">De Marco, Viviana<\/p>\n\n\n\n<p class=\"has-text-align-center\">Devries, Alejandro<\/p>\n\n\n\n<p class=\"has-text-align-center\">Dos Santos, Gustavo<\/p>\n\n\n\n<p class=\"has-text-align-center\">Duarte, Mauricio<\/p>\n\n\n\n<p class=\"has-text-align-center\">Durando, Celeste<\/p>\n\n\n\n<p class=\"has-text-align-center\">Errandonea, Hel\u00fae<\/p>\n\n\n\n<p class=\"has-text-align-center\">Faggi, Sabrina<\/p>\n\n\n\n<p class=\"has-text-align-center\">Fischer, Norberto<\/p>\n\n\n\n<p class=\"has-text-align-center\">Fodrini, Natalia<\/p>\n\n\n\n<p class=\"has-text-align-center\">Garc\u00eda, Julieta<\/p>\n\n\n\n<p class=\"has-text-align-center\">Garrido, Mar\u00eda Cecilia<\/p>\n\n\n\n<p class=\"has-text-align-center\">Giannetti, Fabricio<\/p>\n\n\n\n<p class=\"has-text-align-center\">Giganti, Vanesa<\/p>\n\n\n\n<p class=\"has-text-align-center\">Giordano, Fernando<\/p>\n\n\n\n<p class=\"has-text-align-center\">Goldaracena, Eugenia<\/p>\n\n\n\n<p class=\"has-text-align-center\">Gonz\u00e1lez, Gabriela<\/p>\n\n\n\n<p class=\"has-text-align-center\">G\u00f3mez, Mariana<\/p>\n\n\n\n<p class=\"has-text-align-center\">G\u00f3mez, Natalia<\/p>\n\n\n\n<p class=\"has-text-align-center\">Guerrero Lobos, Pedro<\/p>\n\n\n\n<p class=\"has-text-align-center\">Guerrero, Ignacio<\/p>\n\n\n\n<p class=\"has-text-align-center\">Hefner, Sebasti\u00e1n<\/p>\n\n\n\n<p class=\"has-text-align-center\">Herrera, Romina<\/p>\n\n\n\n<p class=\"has-text-align-center\">Herrero, Constanza<\/p>\n\n\n\n<p class=\"has-text-align-center\">Ju\u00e1rez, Soledad<\/p>\n\n\n\n<p class=\"has-text-align-center\">Kauderer, Silvia<\/p>\n\n\n\n<p class=\"has-text-align-center\">Landolfi, Gabriel<\/p>\n\n\n\n<p class=\"has-text-align-center\">L\u00f3pez Muro, Ana<\/p>\n\n\n\n<p class=\"has-text-align-center\">Ludue\u00f1a, Leyla<\/p>\n\n\n\n<p class=\"has-text-align-center\">Luna, Rodrigo<\/p>\n\n\n\n<p class=\"has-text-align-center\">Marcovich, Horacio<\/p>\n\n\n\n<p class=\"has-text-align-center\">Marzullo, Mart\u00edn<\/p>\n\n\n\n<p class=\"has-text-align-center\">Mateos, Gonzalo<\/p>\n\n\n\n<p class=\"has-text-align-center\">Mendy, Cecilia<\/p>\n\n\n\n<p class=\"has-text-align-center\">Menutti, Eleonora<\/p>\n\n\n\n<p class=\"has-text-align-center\">Olea, Nicol\u00e1s<\/p>\n\n\n\n<p class=\"has-text-align-center\">Oliv\u00e1n, Mar\u00eda<\/p>\n\n\n\n<p class=\"has-text-align-center\">Paluci Arias, Giuliana<\/p>\n\n\n\n<p class=\"has-text-align-center\">Pedroche, Agustina<\/p>\n\n\n\n<p class=\"has-text-align-center\">Peralta, Ariel<\/p>\n\n\n\n<p class=\"has-text-align-center\">P\u00e9rez Elizalde, Ma. del Pilar<\/p>\n\n\n\n<p class=\"has-text-align-center\">P\u00e9rez, Luis<\/p>\n\n\n\n<p class=\"has-text-align-center\">Piazzo, Karina<\/p>\n\n\n\n<p class=\"has-text-align-center\">Pisiati, Nicol\u00e1s<\/p>\n\n\n\n<p class=\"has-text-align-center\">Puppatti, Natalia<\/p>\n\n\n\n<p class=\"has-text-align-center\">Ricotti, Franco<\/p>\n\n\n\n<p class=\"has-text-align-center\">Ricotti, Mauricio<\/p>\n\n\n\n<p class=\"has-text-align-center\">Riegler, Ana<\/p>\n\n\n\n<p class=\"has-text-align-center\">Rivero, Marisa<\/p>\n\n\n\n<p class=\"has-text-align-center\">Rodr\u00edguez, Cintia<\/p>\n\n\n\n<p class=\"has-text-align-center\">Rodr\u00edguez, Silvina<\/p>\n\n\n\n<p class=\"has-text-align-center\">Rolls, Sara<\/p>\n\n\n\n<p class=\"has-text-align-center\">Romero, Gustavo<\/p>\n\n\n\n<p class=\"has-text-align-center\">Ruau, Emilia<\/p>\n\n\n\n<p class=\"has-text-align-center\">Ru\u00edz, Cecilia<\/p>\n\n\n\n<p class=\"has-text-align-center\">S\u00e1enz Pe\u00f1a, Carolina<\/p>\n\n\n\n<p class=\"has-text-align-center\">Sala, Marcela<\/p>\n\n\n\n<p class=\"has-text-align-center\">Salerno, Cecilia<\/p>\n\n\n\n<p class=\"has-text-align-center\">Segura, Sebastian<\/p>\n\n\n\n<p class=\"has-text-align-center\">Send\u00f3n, Ver\u00f3nica<\/p>\n\n\n\n<p class=\"has-text-align-center\">Siffredi, Yael<\/p>\n\n\n\n<p class=\"has-text-align-center\">Stamato, Noem\u00ed<\/p>\n\n\n\n<p class=\"has-text-align-center\">Su\u00e1rez, Mat\u00edas<\/p>\n\n\n\n<p class=\"has-text-align-center\">Teisceira, Sonia<\/p>\n\n\n\n<p class=\"has-text-align-center\">Vargas, Mayra<\/p>\n\n\n\n<p class=\"has-text-align-center\">Viale, Alejandro<\/p>\n\n\n\n<p class=\"has-text-align-center\">Viciano, Marcela<\/p>\n\n\n\n<p class=\"has-text-align-center\">Zuccoli, Lionel<\/p>\n","protected":false},"excerpt":{"rendered":"<p>Almada, Alina Ar\u00e9valo, Mariano Ariceta, Natalia \u00c1vila, Betina Baigorria, Fernando Barac, Nadia Barcos, Amelia Baulo, Anal\u00eda Berrier, Alejandra Bustelo, Lorena Caire Paulino, Javier Cardoso, Patricia Casta\u00f1ares, Andrea Catena, Helvia Chirino, Gabriela Chiussi, Antonella Conde, Cecilia Contreras, Roc\u00edo De Marco, Viviana Devries, Alejandro Dos Santos, Gustavo Duarte, Mauricio Durando, Celeste Errandonea, Hel\u00fae Faggi, Sabrina Fischer, Norberto &#8230; <a title=\"Docentes\" class=\"read-more\" href=\"https:\/\/eagm-bue.infd.edu.ar\/sitio\/docentes\/\" aria-label=\"More on Docentes\">[+]<\/a><\/p>\n","protected":false},"author":88,"featured_media":0,"parent":0,"menu_order":0,"comment_status":"closed","ping_status":"closed","template":"","meta":[],"acf":[],"_links":{"self":[{"href":"https:\/\/eagm-bue.infd.edu.ar\/sitio\/wp-json\/wp\/v2\/pages\/836"}],"collection":[{"href":"https:\/\/eagm-bue.infd.edu.ar\/sitio\/wp-json\/wp\/v2\/pages"}],"about":[{"href":"https:\/\/eagm-bue.infd.edu.ar\/sitio\/wp-json\/wp\/v2\/types\/page"}],"author":[{"embeddable":true,"href":"https:\/\/eagm-bue.infd.edu.ar\/sitio\/wp-json\/wp\/v2\/users\/88"}],"replies":[{"embeddable":true,"href":"https:\/\/eagm-bue.infd.edu.ar\/sitio\/wp-json\/wp\/v2\/comments?post=836"}],"version-history":[{"count":5,"href":"https:\/\/eagm-bue.infd.edu.ar\/sitio\/wp-json\/wp\/v2\/pages\/836\/revisions"}],"predecessor-version":[{"id":1402,"href":"https:\/\/eagm-bue.infd.edu.ar\/sitio\/wp-json\/wp\/v2\/pages\/836\/revisions\/1402"}],"wp:attachment":[{"href":"https:\/\/eagm-bue.infd.edu.ar\/sitio\/wp-json\/wp\/v2\/media?parent=836"}],"curies":[{"name":"wp","href":"https:\/\/api.w.org\/{rel}","templated":true}]}}