{"id":825,"date":"2019-06-05T00:00:21","date_gmt":"2019-06-05T03:00:21","guid":{"rendered":"https:\/\/eagm-bue.infd.edu.ar\/sitio\/inscripcion-mesas-julio-agosto-2018\/"},"modified":"2025-11-04T10:18:28","modified_gmt":"2025-11-04T13:18:28","slug":"reinscripcion-ciclo-lectivo-2026","status":"publish","type":"page","link":"https:\/\/eagm-bue.infd.edu.ar\/sitio\/reinscripcion-ciclo-lectivo-2026\/","title":{"rendered":"Reinscripci\u00f3n a Ciclo Lectivo 2026"},"content":{"rendered":"\n<p><\/p>\n\n\n<h2 style=\"text-align: center;\"><strong>Inscripci\u00f3n a unidades curriculares 2026<br \/><\/strong><\/h2>\n<p>Se informa que se encuentra abierta la reinscripci\u00f3n de estudiantes REGULARES para el a\u00f1o lectivo 2026, recuerden que la reinscripci\u00f3n NO es autom\u00e1tica.<\/p>\n<h3>AVISO IMPORTANTE:<\/h3>\n<p>Las\/los estudiantes deben completar la siguiente <a href=\"https:\/\/drive.google.com\/file\/d\/1_O04TNgjgHHiISpsLEAn0Z5YuCAO4B4G\/view?usp=share_link\">planilla de inscripci\u00f3n<\/a>, planilla <a href=\"https:\/\/drive.google.com\/file\/d\/1WvThYTRHNY612RlWw-9G6KQJ-BxNr07v\/view?usp=drive_link\">aptitud psicof\u00edsica<\/a> ; planilla salidas educativas<a href=\"https:\/\/drive.google.com\/file\/d\/11e9wWHqLY0Fqv_Ri3WeBx-q_WqScrhRn\/view?usp=drive_link\"> menores de 18 a\u00f1os<\/a> y <a href=\"https:\/\/drive.google.com\/file\/d\/1YuapIdg7S1RwBKXMUGnjYFI1BFw3hr-v\/view?usp=drive_link\">mayores de 18 a\u00f1os.<\/a> seg\u00fan corresponda\u00a0(se pueden descargar o retirar de fotocopiadora de la Escuela) y entregarla en preceptor\u00eda.<\/p>\n<h1>\u00a0<\/h1>\n<h3 style=\"text-align: center;\"><strong>Sede MADARIAGA<\/strong><\/h3>\n<h5><a href=\"https:\/\/forms.gle\/ZrKfzAG8o9mqxDpf7\"><span style=\"font-size: 18pt;\">FOBA M\u00fasica &#8211; Ni\u00f1os\u00a0 y Pre-adolescentes\u00a0<\/span><\/a><\/h5>\n<h5><a href=\"https:\/\/forms.gle\/Gj7WeDEvxEcsHSye6\"><span style=\"font-size: 18pt;\">FOBA M\u00fasica &#8211; J\u00f3venes y Adultos<\/span><\/a><\/h5>\n<h5><a href=\"https:\/\/forms.gle\/e763iZVxdAiGE31m7\"><span style=\"font-size: 18pt;\">Tecnicatura en Vitral<\/span><\/a><\/h5>\n<h5><a href=\"https:\/\/forms.gle\/FVxTudddhxhNi2By7\"><span style=\"font-size: 18pt;\">Tecnicatura en Cer\u00e1mica<\/span><\/a><\/h5>\n<h5><a href=\"https:\/\/forms.gle\/YvoBXo1MT2ujLKQJ7\"><span style=\"font-size: 18pt;\">Profesorado en Artes Visuales (or. Pintura, Grabado o Escultura)<\/span><\/a><\/h5>\n<h6><a href=\"https:\/\/forms.gle\/7f7G8YEGdMpkVAc67\"><span style=\"font-size: 18pt;\">Profesorado en M\u00fasica (or. Educaci\u00f3n Musical)<\/span><\/a><\/h6>\n<h5><a href=\"https:\/\/forms.gle\/BLAD3aTJ9beSPAzo6\"><span style=\"font-size: 18pt;\">Profesorado en Danzas Folkl\u00f3ricas<\/span><\/a><\/h5>\n<h5><span style=\"font-size: 18pt;\"><a href=\"https:\/\/forms.gle\/xkMaX7XiJVHzxBteA\">Profesorado en Teatro<\/a>\u00a0<\/span><\/h5>\n<h5><a href=\"https:\/\/forms.gle\/Geb3h3t6hP7deWtn8\"><span style=\"font-size: 18pt;\">EDI (Espacio de definici\u00f3n Institucional)<\/span><\/a><\/h5>\n<p>\u00a0<\/p>\n<h3 style=\"text-align: center;\">Extensi\u00f3n VILLA GESELL<\/h3>\n<h5 class=\"Hipervinculo\"><a href=\"https:\/\/forms.gle\/pwW57qYfS6EXawK1A\"><span style=\"font-size: 18pt;\">FOBA M\u00fasica Popular &#8211; J\u00f3venes y Adultos<\/span><\/a><\/h5>\n<h5><a href=\"https:\/\/forms.gle\/DqtyP3P16eFqqgz98\"><span style=\"font-size: 18pt;\">Tecnicatura en Instrumento en M\u00fasica Popular Jazz<\/span><\/a><\/h5>\n<h5 class=\"Hipervinculo\"><a href=\"https:\/\/forms.gle\/d19rquwy32BsctjB8\"><span style=\"font-size: 18pt;\">Profesorado de M\u00fasica (or. Instrumento M\u00fasica Popular Jazz: Guitarra, Piano, Saxo)<\/span><\/a><\/h5>\n\n\n<div class=\"wp-block-group is-layout-constrained\"><div class=\"wp-block-group__inner-container\"><\/div><\/div>\n","protected":false},"excerpt":{"rendered":"<p>Inscripci\u00f3n a unidades curriculares 2026 Se informa que se encuentra abierta la reinscripci\u00f3n de estudiantes REGULARES para el a\u00f1o lectivo 2026, recuerden que la reinscripci\u00f3n NO es autom\u00e1tica. AVISO IMPORTANTE: Las\/los estudiantes deben completar la siguiente planilla de inscripci\u00f3n, planilla aptitud psicof\u00edsica ; planilla salidas educativas menores de 18 a\u00f1os y mayores de 18 a\u00f1os. &#8230; <a title=\"Reinscripci\u00f3n a Ciclo Lectivo 2026\" class=\"read-more\" href=\"https:\/\/eagm-bue.infd.edu.ar\/sitio\/reinscripcion-ciclo-lectivo-2026\/\" aria-label=\"More on Reinscripci\u00f3n a Ciclo Lectivo 2026\">[+]<\/a><\/p>\n","protected":false},"author":88,"featured_media":0,"parent":0,"menu_order":0,"comment_status":"closed","ping_status":"closed","template":"","meta":[],"acf":[],"_links":{"self":[{"href":"https:\/\/eagm-bue.infd.edu.ar\/sitio\/wp-json\/wp\/v2\/pages\/825"}],"collection":[{"href":"https:\/\/eagm-bue.infd.edu.ar\/sitio\/wp-json\/wp\/v2\/pages"}],"about":[{"href":"https:\/\/eagm-bue.infd.edu.ar\/sitio\/wp-json\/wp\/v2\/types\/page"}],"author":[{"embeddable":true,"href":"https:\/\/eagm-bue.infd.edu.ar\/sitio\/wp-json\/wp\/v2\/users\/88"}],"replies":[{"embeddable":true,"href":"https:\/\/eagm-bue.infd.edu.ar\/sitio\/wp-json\/wp\/v2\/comments?post=825"}],"version-history":[{"count":49,"href":"https:\/\/eagm-bue.infd.edu.ar\/sitio\/wp-json\/wp\/v2\/pages\/825\/revisions"}],"predecessor-version":[{"id":1417,"href":"https:\/\/eagm-bue.infd.edu.ar\/sitio\/wp-json\/wp\/v2\/pages\/825\/revisions\/1417"}],"wp:attachment":[{"href":"https:\/\/eagm-bue.infd.edu.ar\/sitio\/wp-json\/wp\/v2\/media?parent=825"}],"curies":[{"name":"wp","href":"https:\/\/api.w.org\/{rel}","templated":true}]}}