{"id":1376,"date":"2025-03-14T14:51:02","date_gmt":"2025-03-14T17:51:02","guid":{"rendered":"https:\/\/eagm-bue.infd.edu.ar\/sitio\/?page_id=1376"},"modified":"2026-03-25T14:03:40","modified_gmt":"2026-03-25T17:03:40","slug":"horarios-2026","status":"publish","type":"page","link":"https:\/\/eagm-bue.infd.edu.ar\/sitio\/horarios-2026\/","title":{"rendered":"Horarios 2026"},"content":{"rendered":"\n<p class=\"has-base-color has-accent-background-color has-text-color has-background\" style=\"font-size:28px\"><strong>Gral. Madariaga<\/strong><\/p>\n\n\n\n<pre class=\"wp-block-preformatted\"><a href=\"https:\/\/docs.google.com\/spreadsheets\/d\/1EPnp0Y_9s34omdyPo8A4aYu3rtfbgyEI\/edit?usp=sharing&amp;ouid=111211336439562924361&amp;rtpof=true&amp;sd=true\" target=\"_blank\" rel=\"noreferrer noopener\">Formaci\u00f3n B\u00e1sica en M\u00fasica para J\u00f3venes y Adultos I, II y III<\/a><\/pre>\n\n\n\n<pre class=\"wp-block-preformatted\"><a href=\"https:\/\/docs.google.com\/spreadsheets\/d\/1T7YdTlAfDeZSepoAFoQodM8JYzhXq1aD\/edit?usp=sharing&amp;ouid=111211336439562924361&amp;rtpof=true&amp;sd=true\" target=\"_blank\" rel=\"noreferrer noopener\">Formaci\u00f3n B\u00e1sica en M\u00fasica para Ni\u00f1os y Preadolescentes<\/a><\/pre>\n\n\n\n<pre class=\"wp-block-preformatted\"><a href=\"https:\/\/docs.google.com\/spreadsheets\/d\/16vttkII7rG_6YyUjQPAHLAqAZQ19c4-9\/edit?usp=drive_link&amp;ouid=111211336439562924361&amp;rtpof=true&amp;sd=true\" target=\"_blank\" rel=\"noreferrer noopener\">Profesorado de Artes Visuales<\/a><\/pre>\n\n\n\n<pre class=\"wp-block-preformatted\"><a href=\"https:\/\/docs.google.com\/spreadsheets\/d\/1wITsVFcbo4mi-RIrdV0qsk2prfF63p9W\/edit?usp=drive_link&amp;ouid=111211336439562924361&amp;rtpof=true&amp;sd=true\" target=\"_blank\" rel=\"noreferrer noopener\">Profesorado de Teatro<\/a><\/pre>\n\n\n\n<pre class=\"wp-block-preformatted\"><a href=\"https:\/\/docs.google.com\/spreadsheets\/d\/1pzGA9p2GeRmyElhoiGnL60bwOR9mv6hy\/edit?usp=drive_link&amp;ouid=111211336439562924361&amp;rtpof=true&amp;sd=true\" target=\"_blank\" rel=\"noreferrer noopener\">Profesorado de M\u00fasica (Orientaci\u00f3n Educaci\u00f3n Musical)<\/a><\/pre>\n\n\n\n<pre class=\"wp-block-preformatted\"><a href=\"https:\/\/docs.google.com\/spreadsheets\/d\/1LP1kVeEAVWZt6puG3YASXHjqAbAd04Fi\/edit?usp=drive_link&amp;ouid=111211336439562924361&amp;rtpof=true&amp;sd=true\" target=\"_blank\" rel=\"noreferrer noopener\">Profesorado de Danzas (Orientaci\u00f3n Danzas Folkl\u00f3ricas)<\/a><\/pre>\n\n\n\n<pre class=\"wp-block-preformatted\"><a href=\"https:\/\/docs.google.com\/spreadsheets\/d\/1lADekEQRPYilOEVXHtp8nAx9X1wVRTni\/edit?usp=drive_link&amp;ouid=111211336439562924361&amp;rtpof=true&amp;sd=true\" target=\"_blank\" rel=\"noreferrer noopener\">Espacios de Definici\u00f3n Institucional (EDI)<\/a><\/pre>\n\n\n\n<pre class=\"wp-block-preformatted\"><a href=\"https:\/\/docs.google.com\/spreadsheets\/d\/1JxPGjoX_kHonCSQ-Y9uk9YzhJPXuGo4T\/edit?usp=drive_link&amp;ouid=111211336439562924361&amp;rtpof=true&amp;sd=true\" target=\"_blank\" rel=\"noreferrer noopener\">Tecnicatura en Cer\u00e1mica<\/a><\/pre>\n\n\n\n<pre class=\"wp-block-preformatted\"><a href=\"https:\/\/docs.google.com\/spreadsheets\/d\/17z6O7gkF4HnyciwWGvBxYfjq60BxzywC\/edit?usp=drive_link&amp;ouid=111211336439562924361&amp;rtpof=true&amp;sd=true\" target=\"_blank\" rel=\"noreferrer noopener\">Tecnicatura en Vitral<\/a><\/pre>\n\n\n\n<p class=\"has-base-color has-accent-background-color has-text-color has-background\" style=\"font-size:28px\"><strong>Villa Gesell<\/strong><\/p>\n\n\n\n<pre class=\"wp-block-preformatted\"><a href=\"https:\/\/docs.google.com\/spreadsheets\/d\/13Hqh0VTeAgPmfcy1ClK7G7KvSfYUfUm62pbbxY25T4A\/edit?usp=share_link\">Formaci\u00f3n B\u00e1sica en M\u00fasica Popular para J\u00f3venes y Adultos I, II y III<\/a><\/pre>\n\n\n\n<pre class=\"wp-block-preformatted\"><a href=\"https:\/\/docs.google.com\/spreadsheets\/d\/1-_UDn1g5CLDwPHpbIUDklfLq-5pW-OhXMiHVqfcSueY\/edit?usp=share_link\">Tecnicatura en Capacitaci\u00f3n Instrumental (Piano y Guitarra Jazz)<\/a><\/pre>\n\n\n\n<pre class=\"wp-block-preformatted\"><a href=\"https:\/\/docs.google.com\/spreadsheets\/d\/1-_UDn1g5CLDwPHpbIUDklfLq-5pW-OhXMiHVqfcSueY\/edit?usp=share_link\">Profesorado de M\u00fasica (Orientaci\u00f3n Instrumento en M\u00fasica Popular Jazz - Piano o Guitarra)<\/a><\/pre>\n","protected":false},"excerpt":{"rendered":"<p>Gral. Madariaga Formaci\u00f3n B\u00e1sica en M\u00fasica para J\u00f3venes y Adultos I, II y III Formaci\u00f3n B\u00e1sica en M\u00fasica para Ni\u00f1os y Preadolescentes Profesorado de Artes Visuales Profesorado de Teatro Profesorado de M\u00fasica (Orientaci\u00f3n Educaci\u00f3n Musical) Profesorado de Danzas (Orientaci\u00f3n Danzas Folkl\u00f3ricas) Espacios de Definici\u00f3n Institucional (EDI) Tecnicatura en Cer\u00e1mica Tecnicatura en Vitral Villa Gesell Formaci\u00f3n &#8230; <a title=\"Horarios 2026\" class=\"read-more\" href=\"https:\/\/eagm-bue.infd.edu.ar\/sitio\/horarios-2026\/\" aria-label=\"More on Horarios 2026\">[+]<\/a><\/p>\n","protected":false},"author":88,"featured_media":0,"parent":0,"menu_order":0,"comment_status":"closed","ping_status":"closed","template":"","meta":[],"acf":[],"_links":{"self":[{"href":"https:\/\/eagm-bue.infd.edu.ar\/sitio\/wp-json\/wp\/v2\/pages\/1376"}],"collection":[{"href":"https:\/\/eagm-bue.infd.edu.ar\/sitio\/wp-json\/wp\/v2\/pages"}],"about":[{"href":"https:\/\/eagm-bue.infd.edu.ar\/sitio\/wp-json\/wp\/v2\/types\/page"}],"author":[{"embeddable":true,"href":"https:\/\/eagm-bue.infd.edu.ar\/sitio\/wp-json\/wp\/v2\/users\/88"}],"replies":[{"embeddable":true,"href":"https:\/\/eagm-bue.infd.edu.ar\/sitio\/wp-json\/wp\/v2\/comments?post=1376"}],"version-history":[{"count":6,"href":"https:\/\/eagm-bue.infd.edu.ar\/sitio\/wp-json\/wp\/v2\/pages\/1376\/revisions"}],"predecessor-version":[{"id":1442,"href":"https:\/\/eagm-bue.infd.edu.ar\/sitio\/wp-json\/wp\/v2\/pages\/1376\/revisions\/1442"}],"wp:attachment":[{"href":"https:\/\/eagm-bue.infd.edu.ar\/sitio\/wp-json\/wp\/v2\/media?parent=1376"}],"curies":[{"name":"wp","href":"https:\/\/api.w.org\/{rel}","templated":true}]}}