{"id":1160,"date":"2026-02-19T09:23:34","date_gmt":"2026-02-19T12:23:34","guid":{"rendered":"https:\/\/eagm-bue.infd.edu.ar\/sitio\/?page_id=1160"},"modified":"2026-02-19T09:36:31","modified_gmt":"2026-02-19T12:36:31","slug":"mesas-de-examen-marzo-2026","status":"publish","type":"page","link":"https:\/\/eagm-bue.infd.edu.ar\/sitio\/mesas-de-examen-marzo-2026\/","title":{"rendered":"Mesas de Examen &#8211; Marzo 2026"},"content":{"rendered":"\n<pre class=\"wp-block-preformatted has-medium-font-size\">Se encuentra abierta la inscripci\u00f3n a <strong>Mesas de Examen Regulares<\/strong> <strong>y Libres hasta el d\u00eda mi\u00e9rcoles 24\/02 inclusive. <\/strong>Las mismas se llevar\u00e1n a cabo desde el <strong>27 de febrero al 13 de Marzo de 2026<\/strong>. No se aceptan inscripciones fuera de fecha.\n\nS\u00f3lo para los estudiantes de los Profesorados y Tecnicaturas.\n\nPara Inscribirte, hac\u00e9 click en el bot\u00f3n <strong>\"FORMULARIO DE INSCRIPCI\u00d3N\"<\/strong>. \n<strong>Inscribite utilizando tu email institucional <\/strong>(tunombre@estudiante.eamad.edu.ar). Si a\u00fan no lo ten\u00e9s, solic\u00edtalo por mail a cuentas@eamad.edu.ar.<\/pre>\n\n\n\n<div class=\"wp-block-buttons is-horizontal is-content-justification-center is-layout-flex wp-container-1\">\n<div class=\"wp-block-button has-custom-width wp-block-button__width-25 wp-block-button__width-40 is-style-outline\"><a class=\"wp-block-button__link has-light-green-cyan-background-color has-background wp-element-button\" href=\"https:\/\/docs.google.com\/spreadsheets\/d\/1I06huDPEAYE3zBSM11VzmNIpizVUU-IxUEmSJeMqZCI\/edit?usp=sharing\" target=\"_blank\" rel=\"noreferrer noopener\"><strong>Cronograma<\/strong><\/a><\/div>\n<\/div>\n\n\n\n<div class=\"wp-block-buttons is-content-justification-center is-layout-flex wp-container-2\">\n<div class=\"wp-block-button\"><a class=\"wp-block-button__link wp-element-button\" href=\"https:\/\/forms.gle\/zZkNtYAmiFMsC9SA7\" target=\"_blank\" rel=\"noreferrer noopener\"><strong>FORMULARIO DE INSCRIPCI\u00d3N LIBRES<\/strong><\/a><\/div>\n<\/div>\n\n\n\n<div class=\"wp-block-buttons is-content-justification-center is-layout-flex wp-container-3\">\n<div class=\"wp-block-button\"><a class=\"wp-block-button__link wp-element-button\" href=\"https:\/\/forms.gle\/yrCJTeRY2xYznFNR6\"><strong>FORMULARIO DE INSCRIPCI\u00d3N REGULARES<\/strong><\/a><\/div>\n<\/div>\n","protected":false},"excerpt":{"rendered":"<p>Se encuentra abierta la inscripci\u00f3n a Mesas de Examen Regulares y Libres hasta el d\u00eda mi\u00e9rcoles 24\/02 inclusive. Las mismas se llevar\u00e1n a cabo desde el 27 de febrero al 13 de Marzo de 2026. No se aceptan inscripciones fuera de fecha. S\u00f3lo para los estudiantes de los Profesorados y Tecnicaturas. Para Inscribirte, hac\u00e9 click &#8230; <a title=\"Mesas de Examen &#8211; Marzo 2026\" class=\"read-more\" href=\"https:\/\/eagm-bue.infd.edu.ar\/sitio\/mesas-de-examen-marzo-2026\/\" aria-label=\"More on Mesas de Examen &#8211; Marzo 2026\">[+]<\/a><\/p>\n","protected":false},"author":88,"featured_media":0,"parent":0,"menu_order":0,"comment_status":"closed","ping_status":"closed","template":"","meta":[],"acf":[],"_links":{"self":[{"href":"https:\/\/eagm-bue.infd.edu.ar\/sitio\/wp-json\/wp\/v2\/pages\/1160"}],"collection":[{"href":"https:\/\/eagm-bue.infd.edu.ar\/sitio\/wp-json\/wp\/v2\/pages"}],"about":[{"href":"https:\/\/eagm-bue.infd.edu.ar\/sitio\/wp-json\/wp\/v2\/types\/page"}],"author":[{"embeddable":true,"href":"https:\/\/eagm-bue.infd.edu.ar\/sitio\/wp-json\/wp\/v2\/users\/88"}],"replies":[{"embeddable":true,"href":"https:\/\/eagm-bue.infd.edu.ar\/sitio\/wp-json\/wp\/v2\/comments?post=1160"}],"version-history":[{"count":59,"href":"https:\/\/eagm-bue.infd.edu.ar\/sitio\/wp-json\/wp\/v2\/pages\/1160\/revisions"}],"predecessor-version":[{"id":1440,"href":"https:\/\/eagm-bue.infd.edu.ar\/sitio\/wp-json\/wp\/v2\/pages\/1160\/revisions\/1440"}],"wp:attachment":[{"href":"https:\/\/eagm-bue.infd.edu.ar\/sitio\/wp-json\/wp\/v2\/media?parent=1160"}],"curies":[{"name":"wp","href":"https:\/\/api.w.org\/{rel}","templated":true}]}}