{"id":1032,"date":"2019-11-11T18:22:34","date_gmt":"2019-11-11T21:22:34","guid":{"rendered":"https:\/\/eagm-bue.infd.edu.ar\/sitio\/?page_id=1032"},"modified":"2025-11-04T10:15:17","modified_gmt":"2025-11-04T13:15:17","slug":"pre-inscripcion-ingresantes-2026","status":"publish","type":"page","link":"https:\/\/eagm-bue.infd.edu.ar\/sitio\/pre-inscripcion-ingresantes-2026\/","title":{"rendered":"INGRESO 2026 &#8211; INSCRIPCI\u00d3N ON LINE"},"content":{"rendered":"<p>Se encuentra abierta la<strong> pre inscripci\u00f3n a ingresantes para el a\u00f1o 2026 en tres pasos:<\/strong><\/p>\n<ul>\n<li><strong>PASO 1<\/strong>\u00a0: Complet\u00e1 el formulario online de la carrera que elegiste <strong>que se encuentra mas abajo en esta p\u00e1gina<\/strong>.<\/li>\n<li><strong>PASO 2<\/strong>\u00a0: Descarg\u00e1 y complet\u00e1 la siguiente <a href=\"https:\/\/drive.google.com\/file\/d\/1V9oJVkzoCItyfvecmWutenBfuYmfCUZu\/view?usp=sharing\">PLANILLA<\/a> SOLICITUD DE INSCRIPCI\u00d3N\u00a0 para completar y entregar. <a href=\"https:\/\/drive.google.com\/file\/d\/1PFlSq_MHyk_AZtI2Ib6OtUZEMLEku5Jz\/view?usp=sharing\">INSTRUCCIONES<\/a>.\u00a0<\/li>\n<li><strong> PASO 3<\/strong>:\u00a0 Llevar la siguiente documentaci\u00f3n a la Escuela y entregarla en formato papel a partir del 1 de Diciembre<\/li>\n<\/ul>\n<ul>\n<li>Ficha de inscripci\u00f3n completa <a href=\"https:\/\/drive.google.com\/file\/d\/1V9oJVkzoCItyfvecmWutenBfuYmfCUZu\/view\">PLANILLA<\/a><\/li>\n<li>Certificado de <a href=\"https:\/\/drive.google.com\/file\/d\/1WvThYTRHNY612RlWw-9G6KQJ-BxNr07v\/view?usp=drive_link\">aptitud psico-f\u00edsica<\/a> (lo realiza tu m\u00e9dico de cabecera), lo podes entregar al comienzo de clases.<\/li>\n<li>Planilla Salida Educativas seg\u00fan corresponda \/ <a href=\"https:\/\/drive.google.com\/file\/d\/1YuapIdg7S1RwBKXMUGnjYFI1BFw3hr-v\/view?usp=drive_link\">mayores 18 a\u00f1os<\/a> \/ <a href=\"https:\/\/drive.google.com\/file\/d\/11e9wWHqLY0Fqv_Ri3WeBx-q_WqScrhRn\/view?usp=drive_link\">menores 18 a\u00f1os<\/a>\u00a0<\/li>\n<li>T\u00edtulo secundario o certificado de t\u00edtulo en tr\u00e1mite o constancia de alumno regular, seg\u00fan corresponda.<\/li>\n<li>Fotocopia de DNI<\/li>\n<li>2 Fotos carnet<\/li>\n<li>1 folio tama\u00f1o oficio<\/li>\n<li>Planilla autorizaci\u00f3n retiro de estudiantes menores de edad <a href=\"https:\/\/docs.google.com\/document\/d\/1gVtI43Z6hPeDmKECSuOTOhB-aq_JmVuof6eaJ-sGiak\/edit?usp=sharing\">(descargar aqu\u00ed)<\/a><\/li>\n<li>Pago de cooperadora anual de $40000 (Voluntario). Si quer\u00e9s colaborar con nuestra Cooperadora podes utilizar diferentes medios de pago:<\/li>\n<\/ul>\n<p><strong>En efectivo: <\/strong>al momento de la inscripci\u00f3n.<\/p>\n<p><strong>Por t<\/strong><strong>rasferencia Bancaria<\/strong>:<\/p>\n<p>Cooperadora Escuela de Arte<br \/>Banco Provincia de\u00a0 Buenos Aires. Suc. Gral Madariaga<br \/>Cuenta Nro: 6952-07170\/3<br \/>CUIT: 30-70780158-8<br \/>CBU:\u00a00140349501695200717039<br \/>ALIAS: Coop.eamad<\/p>\n<p>Uno vez realizado el pago manda un mail con tus datos (Nombre y Apellido, DNI y Carrera a la que te inscrib\u00eds) y el comprobante de pago a: <a href=\"cooperadora@eamad.edu.ar\">cooperadora@eamad.edu.ar<\/a><\/p>\n<h5>Formularios:<\/h5>\n<p>Complet\u00e1 el formulario online de Inscripci\u00f3n a la carrera que hayas elegido:<\/p>\n<p>\u00a0<\/p>\n<h1 style=\"text-align: center;\"><strong>Sede MADARIAGA<\/strong><\/h1>\n<h5 style=\"text-align: center;\"><a href=\"https:\/\/forms.gle\/yy1KZNtfufP2uEQn6\"><span style=\"font-size: 18pt;\">Formaci\u00f3n B\u00e1sica en M\u00fasica Iniciaci\u00f3n para NI\u00d1OS\u00a0 y PREADOLESCENTES\u00a0<\/span><\/a><\/h5>\n<h5 style=\"text-align: center;\"><a href=\"https:\/\/forms.gle\/GFiFB7s8bY6Rj13T6\"><span style=\"font-size: 18pt;\">Formaci\u00f3n B\u00e1sica en M\u00fasica para J\u00d3VENES y ADULTOS<\/span><\/a><\/h5>\n<h5 style=\"text-align: center;\"><a href=\"https:\/\/forms.gle\/X9Y52VyCbyJ8K1U46\"><span style=\"font-size: 18pt;\">Tecnicatura <\/span><span style=\"font-size: 18pt;\">en Cer\u00e1mica<\/span><\/a><\/h5>\n<h5 style=\"text-align: center;\"><a href=\"https:\/\/forms.gle\/WzjeZbWsAszLBauD6\"><span style=\"font-size: 18pt;\">Tecnicatura en Vitral<\/span><\/a><\/h5>\n<h5 style=\"text-align: center;\"><a href=\"https:\/\/forms.gle\/S4LNkDZdanGdmgqg9\"><span style=\"font-size: 18pt;\">Profesorado en Artes Visuales (or. Pintura, Grabado o Escultura)<\/span><\/a><\/h5>\n<h5 style=\"text-align: center;\"><a href=\"https:\/\/forms.gle\/NiXTKqbHrXjnTQkk8\"><span style=\"font-size: 18pt;\">Profesorado en Danzas Folkl\u00f3ricas<\/span><\/a><\/h5>\n<h5 style=\"text-align: center;\"><span style=\"font-size: 18pt;\"><a href=\"https:\/\/forms.gle\/2iosfpVJaYX7BoEd9\">Profesorado en Teatro<\/a><\/span><\/h5>\n<p>\u00a0<\/p>\n<h3 style=\"text-align: center;\">Extensi\u00f3n VILLA GESELL<\/h3>\n<h5 class=\"Hipervinculo\" style=\"text-align: center;\"><span style=\"font-size: 18pt;\"><a href=\"https:\/\/forms.gle\/QS5EsERoiQwpGy9E8\">Formaci\u00f3n B\u00e1sica en M\u00fasica Popular para J\u00d3VENES y ADULTOS<\/a><\/span><\/h5>\n<h2>\u00a0<\/h2>\n<h2 style=\"text-align: center;\">\u00a1Te esperamos!<\/h2>\n\n\n<p><\/p>\n","protected":false},"excerpt":{"rendered":"<p>Se encuentra abierta la pre inscripci\u00f3n a ingresantes para el a\u00f1o 2026 en tres pasos: PASO 1\u00a0: Complet\u00e1 el formulario online de la carrera que elegiste que se encuentra mas abajo en esta p\u00e1gina. PASO 2\u00a0: Descarg\u00e1 y complet\u00e1 la siguiente PLANILLA SOLICITUD DE INSCRIPCI\u00d3N\u00a0 para completar y entregar. INSTRUCCIONES.\u00a0 PASO 3:\u00a0 Llevar la siguiente &#8230; <a title=\"INGRESO 2026 &#8211; INSCRIPCI\u00d3N ON LINE\" class=\"read-more\" href=\"https:\/\/eagm-bue.infd.edu.ar\/sitio\/pre-inscripcion-ingresantes-2026\/\" aria-label=\"More on INGRESO 2026 &#8211; INSCRIPCI\u00d3N ON LINE\">[+]<\/a><\/p>\n","protected":false},"author":88,"featured_media":0,"parent":0,"menu_order":0,"comment_status":"closed","ping_status":"closed","template":"","meta":[],"acf":[],"_links":{"self":[{"href":"https:\/\/eagm-bue.infd.edu.ar\/sitio\/wp-json\/wp\/v2\/pages\/1032"}],"collection":[{"href":"https:\/\/eagm-bue.infd.edu.ar\/sitio\/wp-json\/wp\/v2\/pages"}],"about":[{"href":"https:\/\/eagm-bue.infd.edu.ar\/sitio\/wp-json\/wp\/v2\/types\/page"}],"author":[{"embeddable":true,"href":"https:\/\/eagm-bue.infd.edu.ar\/sitio\/wp-json\/wp\/v2\/users\/88"}],"replies":[{"embeddable":true,"href":"https:\/\/eagm-bue.infd.edu.ar\/sitio\/wp-json\/wp\/v2\/comments?post=1032"}],"version-history":[{"count":52,"href":"https:\/\/eagm-bue.infd.edu.ar\/sitio\/wp-json\/wp\/v2\/pages\/1032\/revisions"}],"predecessor-version":[{"id":1425,"href":"https:\/\/eagm-bue.infd.edu.ar\/sitio\/wp-json\/wp\/v2\/pages\/1032\/revisions\/1425"}],"wp:attachment":[{"href":"https:\/\/eagm-bue.infd.edu.ar\/sitio\/wp-json\/wp\/v2\/media?parent=1032"}],"curies":[{"name":"wp","href":"https:\/\/api.w.org\/{rel}","templated":true}]}}